{"id":16391,"date":"2023-01-25T22:35:06","date_gmt":"2023-01-25T19:35:06","guid":{"rendered":"http:\/\/iyiturkey.com\/ar\/?page_id=16391"},"modified":"2026-03-21T19:13:25","modified_gmt":"2026-03-21T16:13:25","slug":"about-turkey","status":"publish","type":"page","link":"https:\/\/iyiturkey.com\/ar\/about-turkey\/","title":{"rendered":"About Turkey\u200b"},"content":{"rendered":"\t\t<div data-elementor-type=\"wp-page\" data-elementor-id=\"16391\" class=\"elementor elementor-16391\" data-elementor-settings=\"{&quot;ha_cmc_init_switcher&quot;:&quot;no&quot;}\">\n\t\t\t\t<div class=\"elementor-element elementor-element-3699d3c e-flex e-con-boxed e-con e-parent\" data-id=\"3699d3c\" data-element_type=\"container\" data-e-type=\"container\" data-settings=\"{&quot;background_background&quot;:&quot;classic&quot;,&quot;_ha_eqh_enable&quot;:false}\">\n\t\t\t\t\t<div class=\"e-con-inner\">\n\t\t\t\t\t<\/div>\n\t\t\t\t<\/div>\n\t\t<div class=\"elementor-element elementor-element-3dba78e e-flex e-con-boxed e-con e-parent\" data-id=\"3dba78e\" data-element_type=\"container\" data-e-type=\"container\" data-settings=\"{&quot;_ha_eqh_enable&quot;:false}\">\n\t\t\t\t\t<div class=\"e-con-inner\">\n\t\t\t\t<div class=\"elementor-element elementor-element-4c37a66 exad-sticky-section-no exad-glass-effect-no elementor-widget elementor-widget-eael-adv-accordion\" data-id=\"4c37a66\" data-element_type=\"widget\" data-e-type=\"widget\" data-widget_type=\"eael-adv-accordion.default\">\n\t\t\t\t\t            <div class=\"eael-adv-accordion\" id=\"eael-adv-accordion-4c37a66\" data-scroll-on-click=\"no\" data-scroll-speed=\"300\" data-accordion-id=\"4c37a66\" data-accordion-type=\"accordion\" 300>\n            <div class=\"eael-accordion-list\">\n\t\t\t\t\t<div id=\"about-turkey\" class=\"elementor-tab-title eael-accordion-header\" tabindex=\"0\" data-tab=\"1\" aria-controls=\"elementor-tab-content-7991\"><h1 class=\"eael-accordion-tab-title\">About Turkey<\/h1><\/div><div id=\"elementor-tab-content-7991\" class=\"eael-accordion-content clearfix\" data-tab=\"1\" aria-labelledby=\"about-turkey\"><p style=\"text-align: justify\">\u00a0<\/p>\n<h2 style=\"text-align: justify\"><strong>About Turkey<\/strong><\/h2>\n<p style=\"text-align: justify\">Turkey is a unique country that bridges two continents\u2014Europe and Asia\u2014offering an extraordinary blend of cultures, landscapes, and histories. Known for its warm hospitality, rich traditions, and strategic location, Turkey has become a major destination for global travelers seeking diverse experiences in one unforgettable journey.<\/p>\n<p style=\"text-align: justify\">Geographically, Turkey is bordered by eight countries and is surrounded by three different seas: the Aegean, Mediterranean, and Black Sea. While the majority of Turkey lies in Asia, a small portion in the northwest, known as Thrace, is part of Europe. The nation\u2019s distinctive location makes it a melting pot of civilizations and ideas, where East meets West in harmony.<\/p>\n<p style=\"text-align: justify\">The capital city of Turkey is Ankara, the administrative and political center, but the country&#8217;s largest and most famous city is Istanbul. Once known as Byzantium and later Constantinople, Istanbul was the capital of three major empires\u2014Roman, Byzantine, and Ottoman. Today, it stands as a vibrant, cosmopolitan city where ancient landmarks stand beside modern skyscrapers. With its breathtaking skyline, rich cultural life, and deep historical roots, Istanbul continues to be the beating heart of Turkey.<\/p>\n<p style=\"text-align: justify\">Turkey is home to around 87 million people, with the majority living in urban areas. Turkish is the official language, and Islam is the predominant religion, though the country has a strong secular foundation. The culture is an intricate blend of traditional values and modern lifestyles, visible in everything from daily routines to festivals, cuisine, and music.<\/p>\n<p style=\"text-align: justify\">The historical richness of Turkey is unmatched. From the ruins of ancient Troy and Ephesus to the remarkable cave dwellings of Cappadocia and the healing terraces of Pamukkale, the country boasts more than 20 UNESCO World Heritage Sites. These landmarks reflect Turkey\u2019s long and complex past, spanning Hittite, Greek, Roman, Byzantine, Seljuk, and Ottoman civilizations.<\/p>\n<p style=\"text-align: justify\">Nature lovers will also find plenty to admire. Turkey\u2019s diverse geography includes stunning beaches along the Mediterranean and Aegean coasts, towering mountain ranges like the Taurus and Ka\u00e7kar, lush forests, salt lakes, and even dormant volcanoes. Adventure seekers can hike, ski, raft, or paraglide, while those looking to relax can enjoy pristine bays and thermal spas.<\/p>\n<p style=\"text-align: justify\">One of Turkey\u2019s most beloved aspects is its cuisine. Rich, flavorful, and regionally varied, Turkish food is a reflection of the country&#8217;s heritage. Dishes such as kebabs, meze, dolma, g\u00f6zleme, and a wide variety of desserts like baklava and k\u00fcnefe are just a taste of what Turkish kitchens have to offer. Tea (\u00e7ay) and Turkish coffee are staples of daily life, often accompanied by conversation and hospitality.<\/p>\n<p style=\"text-align: justify\">Getting around Turkey is convenient thanks to its well-developed infrastructure. Major cities are connected by modern highways, a growing high-speed train network, and an extensive domestic flight system. Public transportation in urban centers includes buses, trams, metros, and ferries, while long-distance travel by bus is both affordable and efficient.<\/p>\n<p style=\"text-align: justify\">Turkey enjoys a variety of climates due to its vast territory. Coastal regions have a Mediterranean climate with hot summers and mild winters, while central Anatolia experiences a more continental climate with cold, snowy winters and dry summers. Spring and autumn are considered the best times to visit, offering pleasant weather and fewer crowds.<\/p>\n<p style=\"text-align: justify\">In recent years, Turkey has also gained popularity in fields like medical tourism, business travel, and digital nomadism. Its mix of affordability, modern facilities, and rich lifestyle options attracts a growing number of international visitors year-round.<\/p>\n<p style=\"text-align: justify\">Whether you are wandering through the ancient streets of Istanbul, floating in a hot air balloon above Cappadocia, sunbathing in Antalya, or exploring the highlands of the Black Sea, Turkey promises diverse and memorable experiences. With its blend of tradition and modernity, natural beauty, and warm people, Turkey is not just a destination\u2014it\u2019s a world of its own.<\/p>\n<p style=\"text-align: justify\">This is your essential guide <strong>about Turkey<\/strong>, a country that truly has it all\u2014history, culture, adventure, and endless inspiration.<\/p><\/div>\n\t\t\t\t\t<\/div><\/div>\t\t\t\t<\/div>\n\t\t\t\t\t<\/div>\n\t\t\t\t<\/div>\n\t\t<div class=\"elementor-element elementor-element-3cf956e8 e-flex e-con-boxed e-con e-parent\" data-id=\"3cf956e8\" data-element_type=\"container\" data-e-type=\"container\" data-settings=\"{&quot;_ha_eqh_enable&quot;:false}\">\n\t\t\t\t\t<div class=\"e-con-inner\">\n\t\t\t\t<div class=\"elementor-element elementor-element-8fc4e37 ha-card--left ha-card--mobile-right ha-card--tablet-top exad-sticky-section-no exad-glass-effect-no ha-has-bg-overlay elementor-widget elementor-widget-ha-card happy-addon ha-card\" data-id=\"8fc4e37\" data-element_type=\"widget\" data-e-type=\"widget\" data-widget_type=\"ha-card.default\">\n\t\t\t\t<div class=\"elementor-widget-container\">\n\t\t\t\t\t\n\t\t\t\t\t<figure class=\"ha-card-figure\">\n\t\t\t\t<img loading=\"lazy\" decoding=\"async\" width=\"50\" height=\"50\" src=\"https:\/\/iyiturkey.com\/ar\/wp-content\/uploads\/2022\/12\/for-app-flag-tr.png\" class=\"attachment-thumbnail size-thumbnail wp-image-15786\" alt=\"\" \/>\t\t\t\t\t\t\t<\/figure>\n\t\t\n\t\t<div class=\"ha-card-body\">\n\n\t\t\t<h2 class=\"ha-card-title\">\u0639\u0646 \u062a\u0631\u0643\u064a\u0627<\/h2>\n\t\t\t\n\t\t\t\t\t<\/div>\n\t\t\t\t\t\t<\/div>\n\t\t\t\t<\/div>\n\t\t\t\t\t<\/div>\n\t\t\t\t<\/div>\n\t\t<div class=\"elementor-element elementor-element-449861f3 e-flex e-con-boxed e-con e-parent\" data-id=\"449861f3\" data-element_type=\"container\" data-e-type=\"container\" data-settings=\"{&quot;_ha_eqh_enable&quot;:false}\">\n\t\t\t\t\t<div class=\"e-con-inner\">\n\t\t\t\t<div class=\"elementor-element elementor-element-5df7992f exad-sticky-section-no exad-glass-effect-no elementor-widget elementor-widget-ucaddon_post_accordion\" data-id=\"5df7992f\" data-element_type=\"widget\" data-e-type=\"widget\" data-widget_type=\"ucaddon_post_accordion.default\">\n\t\t\t\t<div class=\"elementor-widget-container\">\n\t\t\t\t\t\n<!-- start Post Accordion -->\n\t\t<link id='font-awesome-css' href='https:\/\/iyiturkey.com\/ar\/wp-content\/plugins\/unlimited-elements-for-elementor\/assets_libraries\/font-awesome6\/fontawesome-all.min.css' type='text\/css' rel='stylesheet' >\n\t\t<link id='font-awesome-4-shim-css' href='https:\/\/iyiturkey.com\/ar\/wp-content\/plugins\/unlimited-elements-for-elementor\/assets_libraries\/font-awesome6\/fontawesome-v4-shims.min.css' type='text\/css' rel='stylesheet' >\n\n<style>\/* widget: Post Accordion *\/\n\n#uc_post_accordion_elementor_5df7992f *{\n  box-sizing: border-box;\n}\n\n#uc_post_accordion_elementor_5df7992f em\n{\n  font-style: normal;\n}\n\n#uc_post_accordion_elementor_5df7992f .uc_container .uc-heading\n{\n\tdisplay:flex;\n    align-items:center;\n\toverflow:hidden;\n\tcursor:pointer;\n  \n}\n#uc_post_accordion_elementor_5df7992f .uc_container .uc_content\n{\n    display:none;\n    text-align:right;\n}\n\n#uc_post_accordion_elementor_5df7992f .uc_container .uc-heading span.ue_accordion_icon\n{\n\tdisplay:flex;\n    align-items:center;\n   \tjustify-content:center;\n    flex-grow:0;\n    flex-shrink:0;\n}\n#uc_post_accordion_elementor_5df7992f .uc_ac_box.uc-item-active span.uc_dactive\n{\n\tdisplay:none;\n}\n#uc_post_accordion_elementor_5df7992f .uc_ac_box:not(.uc-item-active) span.uc_active\n{\n\tdisplay:none;\n}\n\n#uc_post_accordion_elementor_5df7992f .uc_container .uc_btn {\n\n    text-align: center;\n    display: inline-block;\n    text-decoration: none;\n    transition: ease-in-out all 0.25s;\n}\n\n#uc_post_accordion_elementor_5df7992f .ue_post_image\n{\n  display:block;\n}\n\n#uc_post_accordion_elementor_5df7992f .ue_post_image img\n{\n  display:block;\n  object-fit: cover;\n  width:100%;\n}\n\n<\/style>\n\n\n<div class=\"uc_material_accordion \" id=\"uc_post_accordion_elementor_5df7992f\" data-name=\"\" data-scroll=\"mobile\" data-offset=\"0\"  >\n    \t<div class=\"uc_container uc-items-wrapper\">\n        \t\n\t\t\n<div class=\"uc_ac_box uc-item-active\">\n  <div class=\"uc-heading uc_trigger\">\n          <span class=\"fas fa-chevron-down uc_dactive bbb ue_accordion_icon\"><\/span> \n      <span class=\"fas fa-minus uc_active bbb ue_accordion_icon\"><\/span>\n        <em class=\"ue_heading_title\">\u0639\u0646 \u062a\u0631\u0643\u064a\u0627\u200b <\/em>\n  <\/div>\n  <div class=\"uc_content\" style='display:block'>\n    <a href=\"https:\/\/iyiturkey.com\/ar\/about-turkey2\/\" class=\"ue_post_image\"><img decoding=\"async\" src=\"https:\/\/iyiturkey.com\/ar\/wp-content\/uploads\/2023\/05\/turkey-is.jpg\"><\/a>    <div class=\"ue_post_title\">\u0639\u0646 \u062a\u0631\u0643\u064a\u0627\u200b<\/div>            <div class=\"ue_post_text\">\u0639\u0646 \u062a\u0631\u0643\u064a\u0627\t\t\t\t\t\n\u062a\u0631\u0643\u064a\u0627: \u062d\u064a\u062b \u064a\u0644\u062a\u0642\u064a \u0627\u0644\u0634\u0631\u0642 \u0628\u0627\u0644\u063a\u0631\u0628 \u0641\u064a \u062a\u062c\u0631\u0628\u0629 \u0633\u064a\u0627\u062d\u064a\u0629 \u0644\u0627 \u062a\u064f\u0646\u0633\u0649\n\u062a\u064f\u0639\u062f \u062a\u0631\u0643\u064a\u0627 \u0648\u0627\u062d\u062f\u0629 \u0645\u0646 \u0623\u0643\u062b\u0631 \u0627\u0644\u0648\u062c\u0647\u0627\u062a...<\/div>         <a href=\"https:\/\/iyiturkey.com\/ar\/about-turkey2\/\" class=\"uc_btn uc_more_btn\">\u0627\u0644\u0645\u0632\u064a\u062f ...<\/a>    \n    \n  <\/div> \n<\/div>\n\n\n<div class=\"uc_ac_box \">\n  <div class=\"uc-heading uc_trigger\">\n          <span class=\"fas fa-chevron-down uc_dactive bbb ue_accordion_icon\"><\/span> \n      <span class=\"fas fa-minus uc_active bbb ue_accordion_icon\"><\/span>\n        <em class=\"ue_heading_title\">\u0627\u0644\u0645\u0646\u0627\u062e \u0648\u0627\u0644\u062b\u0642\u0627\u0641\u0629\u200b <\/em>\n  <\/div>\n  <div class=\"uc_content\" >\n    <a href=\"https:\/\/iyiturkey.com\/ar\/climate-and-culture\/\" class=\"ue_post_image\"><img decoding=\"async\" src=\"https:\/\/iyiturkey.com\/ar\/wp-content\/uploads\/2023\/03\/Climate-and-Culture.jpg\"><\/a>    <div class=\"ue_post_title\">\u0627\u0644\u0645\u0646\u0627\u062e \u0648\u0627\u0644\u062b\u0642\u0627\u0641\u0629\u200b<\/div>            <div class=\"ue_post_text\">\u0627\u0644\u0645\u0646\u0627\u062e \u0648\u0627\u0644\u062b\u0642\u0627\u0641\u0629\t\t\t\t\t\n\u0645\u0646\u0627\u062e \u0648\u062b\u0642\u0627\u0641\u0629 \u062a\u0631\u0643\u064a\u0627: \u062a\u0646\u0648\u0639 \u0637\u0628\u064a\u0639\u064a \u0648\u062a\u0631\u0627\u062b \u062d\u0636\u0627\u0631\u064a \u063a\u0646\u064a\n\u062a\u0642\u0639 \u062a\u0631\u0643\u064a\u0627 \u0641\u064a \u0645\u0648\u0642\u0639 \u062c\u063a\u0631\u0627\u0641\u064a \u0641\u0631\u064a\u062f \u0639\u0646\u062f...<\/div>         <a href=\"https:\/\/iyiturkey.com\/ar\/climate-and-culture\/\" class=\"uc_btn uc_more_btn\">\u0627\u0644\u0645\u0632\u064a\u062f ...<\/a>    \n    \n  <\/div> \n<\/div>\n\n\n<div class=\"uc_ac_box \">\n  <div class=\"uc-heading uc_trigger\">\n          <span class=\"fas fa-chevron-down uc_dactive bbb ue_accordion_icon\"><\/span> \n      <span class=\"fas fa-minus uc_active bbb ue_accordion_icon\"><\/span>\n        <em class=\"ue_heading_title\">\u0627\u0644\u0639\u0637\u0644\u0627\u062a \u0627\u0644\u0631\u0633\u0645\u064a\u0629 \u0641\u064a \u062a\u0631\u0643\u064a\u0627 <\/em>\n  <\/div>\n  <div class=\"uc_content\" >\n    <a href=\"https:\/\/iyiturkey.com\/ar\/public-holidays\/\" class=\"ue_post_image\"><img decoding=\"async\" src=\"https:\/\/iyiturkey.com\/ar\/wp-content\/uploads\/2023\/03\/Public-Holydays.jpg\"><\/a>    <div class=\"ue_post_title\">\u0627\u0644\u0639\u0637\u0644\u0627\u062a \u0627\u0644\u0631\u0633\u0645\u064a\u0629 \u0641\u064a \u062a\u0631\u0643\u064a\u0627<\/div>            <div class=\"ue_post_text\">\u0627\u0644\u0639\u0637\u0644\u0627\u062a \u0627\u0644\u0631\u0633\u0645\u064a\u0629 \u0641\u064a \u062a\u0631\u0643\u064a\u0627\t\t\t\t\t\n\t\t\t\t\n\n\n\n\n\u0627\u0644\u0639\u0637\u0644 \u0627\u0644\u0631\u0633\u0645\u064a\u0629 \u0641\u064a \u062a\u0631\u0643\u064a\u0627 2026 \u0648 2027 | \u0645\u062d\u062f\u062b\n\n\n\n\u0627\u0644\u0639\u0637\u0644 \u0627\u0644\u0631\u0633\u0645\u064a\u0629 \u0641\u064a...<\/div>         <a href=\"https:\/\/iyiturkey.com\/ar\/public-holidays\/\" class=\"uc_btn uc_more_btn\">\u0627\u0644\u0645\u0632\u064a\u062f ...<\/a>    \n    \n  <\/div> \n<\/div>\n\n\n<div class=\"uc_ac_box \">\n  <div class=\"uc-heading uc_trigger\">\n          <span class=\"fas fa-chevron-down uc_dactive bbb ue_accordion_icon\"><\/span> \n      <span class=\"fas fa-minus uc_active bbb ue_accordion_icon\"><\/span>\n        <em class=\"ue_heading_title\">\u0627\u0644\u0648\u0644\u0627\u064a\u0627\u062a \u0627\u0644\u062a\u0631\u0643\u064a\u0629\u200b <\/em>\n  <\/div>\n  <div class=\"uc_content\" >\n    <a href=\"https:\/\/iyiturkey.com\/ar\/turkiye-states\/\" class=\"ue_post_image\"><img decoding=\"async\" src=\"https:\/\/iyiturkey.com\/ar\/wp-content\/uploads\/2023\/03\/Turkiye-states.jpg\"><\/a>    <div class=\"ue_post_title\">\u0627\u0644\u0648\u0644\u0627\u064a\u0627\u062a \u0627\u0644\u062a\u0631\u0643\u064a\u0629\u200b<\/div>            <div class=\"ue_post_text\">\u0627\u0644\u0648\u0644\u0627\u064a\u0627\u062a \u0627\u0644\u062a\u0631\u0643\u064a\u0629\t\t\t\t\t\n\n\n\n\n\u0645\u062d\u0627\u0641\u0638\u0627\u062a \u062a\u0631\u0643\u064a\u0627 \u0627\u0644\u064081\n\u062a\u0631\u0643\u064a\u0627 \u0645\u0642\u0633\u0645\u0629 \u0625\u0644\u0649 81 \u0645\u062d\u0627\u0641\u0638\u0629\u060c \u062a\u064f\u0639\u0631\u0641 \u0623\u064a\u0636\u064b\u0627 \u0628\u0627\u0633\u0645 &#8220;\u0625\u064a\u0644&#8221;...<\/div>         <a href=\"https:\/\/iyiturkey.com\/ar\/turkiye-states\/\" class=\"uc_btn uc_more_btn\">\u0627\u0644\u0645\u0632\u064a\u062f ...<\/a>    \n    \n  <\/div> \n<\/div>\n\n\n<div class=\"uc_ac_box \">\n  <div class=\"uc-heading uc_trigger\">\n          <span class=\"fas fa-chevron-down uc_dactive bbb ue_accordion_icon\"><\/span> \n      <span class=\"fas fa-minus uc_active bbb ue_accordion_icon\"><\/span>\n        <em class=\"ue_heading_title\">\u0627\u0644\u0639\u0627\u062f\u0627\u062a \u0648\u0627\u0644\u062a\u0642\u0627\u0644\u064a\u062f \u0641\u064a \u062a\u0631\u0643\u064a\u0627 <\/em>\n  <\/div>\n  <div class=\"uc_content\" >\n    <a href=\"https:\/\/iyiturkey.com\/ar\/%d8%a7%d9%84%d8%b9%d8%a7%d8%af%d8%a7%d8%aa-%d9%88%d8%a7%d9%84%d8%aa%d9%82%d8%a7%d9%84%d9%8a%d8%af-%d9%81%d9%8a-%d8%aa%d8%b1%d9%83%d9%8a%d8%a7\/\" class=\"ue_post_image\"><img decoding=\"async\" src=\"https:\/\/iyiturkey.com\/ar\/wp-content\/uploads\/2023\/03\/turkey-tradition.jpg\"><\/a>    <div class=\"ue_post_title\">\u0627\u0644\u0639\u0627\u062f\u0627\u062a \u0648\u0627\u0644\u062a\u0642\u0627\u0644\u064a\u062f \u0641\u064a \u062a\u0631\u0643\u064a\u0627<\/div>            <div class=\"ue_post_text\">\u062a\u0631\u0643\u064a\u0627 \u0645\u0639\u0631\u0648\u0641\u0629 \u0628\u062a\u0631\u0627\u062b\u0647\u0627 \u0627\u0644\u062b\u0642\u0627\u0641\u064a \u0627\u0644\u063a\u0646\u064a\u060c \u0648\u0639\u0627\u062f\u0627\u062a\u0647\u0627 \u0648\u062a\u0642\u0627\u0644\u064a\u062f\u0647\u0627 \u062a\u0639\u0643\u0633 \u0645\u0632\u064a\u062c\u064b\u0627 \u0645\u0646 \u0627\u0644\u062a\u0623\u062b\u064a\u0631\u0627\u062a \u0627\u0644\u0645\u062e\u062a\u0644\u0641\u0629\u060c \u0628\u0645\u0627 \u0641\u064a \u0630\u0644\u0643...<\/div>         <a href=\"https:\/\/iyiturkey.com\/ar\/%d8%a7%d9%84%d8%b9%d8%a7%d8%af%d8%a7%d8%aa-%d9%88%d8%a7%d9%84%d8%aa%d9%82%d8%a7%d9%84%d9%8a%d8%af-%d9%81%d9%8a-%d8%aa%d8%b1%d9%83%d9%8a%d8%a7\/\" class=\"uc_btn uc_more_btn\">\u0627\u0644\u0645\u0632\u064a\u062f ...<\/a>    \n    \n  <\/div> \n<\/div>\n\n\n<div class=\"uc_ac_box \">\n  <div class=\"uc-heading uc_trigger\">\n          <span class=\"fas fa-chevron-down uc_dactive bbb ue_accordion_icon\"><\/span> \n      <span class=\"fas fa-minus uc_active bbb ue_accordion_icon\"><\/span>\n        <em class=\"ue_heading_title\">\u0627\u0644\u0639\u0645\u0644\u0629 \u0627\u0644\u062a\u0631\u0643\u064a\u0629 <\/em>\n  <\/div>\n  <div class=\"uc_content\" >\n    <a href=\"https:\/\/iyiturkey.com\/ar\/turkish-currency\/\" class=\"ue_post_image\"><img decoding=\"async\" src=\"https:\/\/iyiturkey.com\/ar\/wp-content\/uploads\/2023\/03\/Turkish-currency.jpg\"><\/a>    <div class=\"ue_post_title\">\u0627\u0644\u0639\u0645\u0644\u0629 \u0627\u0644\u062a\u0631\u0643\u064a\u0629<\/div>            <div class=\"ue_post_text\">\u0627\u0644\u0639\u0645\u0644\u0629 \u0627\u0644\u062a\u0631\u0643\u064a\u0629 \u20ba\t\t\t\t\t\n\u0627\u0644\u0639\u0645\u0644\u0629:\n\u0627\u0644\u0639\u0645\u0644\u0629 \u0641\u064a \u062a\u0631\u0643\u064a\u0627 \u0647\u064a \u0627\u0644\u0644\u064a\u0631\u0629 \u0627\u0644\u062a\u0631\u0643\u064a\u0629 (TRY). \u062a\u0623\u0643\u062f \u0645\u0646 \u0623\u0646 \u0644\u062f\u064a\u0643 \u0628\u0639\u0636 \u0627\u0644\u0646\u0642\u0648\u062f \u0627\u0644\u0645\u062d\u0644\u064a\u0629...<\/div>         <a href=\"https:\/\/iyiturkey.com\/ar\/turkish-currency\/\" class=\"uc_btn uc_more_btn\">\u0627\u0644\u0645\u0632\u064a\u062f ...<\/a>    \n    \n  <\/div> \n<\/div>\n\n\n<div class=\"uc_ac_box \">\n  <div class=\"uc-heading uc_trigger\">\n          <span class=\"fas fa-chevron-down uc_dactive bbb ue_accordion_icon\"><\/span> \n      <span class=\"fas fa-minus uc_active bbb ue_accordion_icon\"><\/span>\n        <em class=\"ue_heading_title\">\u0627\u0644\u0628\u0646\u0648\u0643 \u0641\u064a \u062a\u0631\u0643\u064a\u0627 <\/em>\n  <\/div>\n  <div class=\"uc_content\" >\n    <a href=\"https:\/\/iyiturkey.com\/ar\/banks-in-turkey\/\" class=\"ue_post_image\"><img decoding=\"async\" src=\"https:\/\/iyiturkey.com\/ar\/wp-content\/uploads\/2023\/03\/banks.webp\"><\/a>    <div class=\"ue_post_title\">\u0627\u0644\u0628\u0646\u0648\u0643 \u0641\u064a \u062a\u0631\u0643\u064a\u0627<\/div>            <div class=\"ue_post_text\">\u0627\u0644\u0628\u0646\u0648\u0643 \u0641\u064a \u062a\u0631\u0643\u064a\u0627\t\t\t\t\t\n\n\t\t\t\t    \n Vakifbank \n\n Vakifbank \n   \n\n      \n Halk Bankasi \n\n Halk Bankas\u0131 A.\u015e...<\/div>         <a href=\"https:\/\/iyiturkey.com\/ar\/banks-in-turkey\/\" class=\"uc_btn uc_more_btn\">\u0627\u0644\u0645\u0632\u064a\u062f ...<\/a>    \n    \n  <\/div> \n<\/div>\n\n\n<div class=\"uc_ac_box \">\n  <div class=\"uc-heading uc_trigger\">\n          <span class=\"fas fa-chevron-down uc_dactive bbb ue_accordion_icon\"><\/span> \n      <span class=\"fas fa-minus uc_active bbb ue_accordion_icon\"><\/span>\n        <em class=\"ue_heading_title\">\u0627\u0644\u0625\u0633\u0644\u0627\u0645 \u0641\u064a \u062a\u0631\u0643\u064a\u0627 <\/em>\n  <\/div>\n  <div class=\"uc_content\" >\n    <a href=\"https:\/\/iyiturkey.com\/ar\/%d8%a7%d9%84%d8%a5%d8%b3%d9%84%d8%a7%d9%85-%d9%81%d9%8a-%d8%aa%d8%b1%d9%83%d9%8a%d8%a7\/\" class=\"ue_post_image\"><img decoding=\"async\" src=\"https:\/\/iyiturkey.com\/ar\/wp-content\/uploads\/2023\/01\/ayas.jpg\"><\/a>    <div class=\"ue_post_title\">\u0627\u0644\u0625\u0633\u0644\u0627\u0645 \u0641\u064a \u062a\u0631\u0643\u064a\u0627<\/div>            <div class=\"ue_post_text\">\u0627\u0644\u0625\u0633\u0644\u0627\u0645 \u0641\u064a \u062a\u0631\u0643\u064a\u0627: \u0646\u0638\u0631\u0629 \u062a\u0627\u0631\u064a\u062e\u064a\u0629 \u0648\u0645\u0639\u0627\u0635\u0631\u0629\n\u0645\u0642\u062f\u0645\u0629\n\u062a\u064f\u0639\u062f \u062a\u0631\u0643\u064a\u0627 \u0648\u0627\u062d\u062f\u0629 \u0645\u0646 \u0623\u0643\u062b\u0631 \u0627\u0644\u062f\u0648\u0644 \u062a\u0645\u064a\u0632\u064b\u0627 \u0641\u064a \u0627\u0644\u0639\u0627\u0644\u0645 \u0627\u0644\u0625\u0633\u0644\u0627\u0645\u064a\u060c...<\/div>         <a href=\"https:\/\/iyiturkey.com\/ar\/%d8%a7%d9%84%d8%a5%d8%b3%d9%84%d8%a7%d9%85-%d9%81%d9%8a-%d8%aa%d8%b1%d9%83%d9%8a%d8%a7\/\" class=\"uc_btn uc_more_btn\">\u0627\u0644\u0645\u0632\u064a\u062f ...<\/a>    \n    \n  <\/div> \n<\/div>\n\n        <\/div>\n   \t<\/div>\n\n\n<!-- end Post Accordion -->\t\t\t\t<\/div>\n\t\t\t\t<\/div>\n\t\t\t\t\t<\/div>\n\t\t\t\t<\/div>\n\t\t<div class=\"elementor-element elementor-element-50c9984 e-flex e-con-boxed e-con e-parent\" data-id=\"50c9984\" data-element_type=\"container\" data-e-type=\"container\" data-settings=\"{&quot;_ha_eqh_enable&quot;:false}\">\n\t\t\t\t\t<div class=\"e-con-inner\">\n\t\t\t\t<div class=\"elementor-element elementor-element-def9c92 exad-sticky-section-no exad-glass-effect-no elementor-widget elementor-widget-spacer\" data-id=\"def9c92\" data-element_type=\"widget\" data-e-type=\"widget\" data-widget_type=\"spacer.default\">\n\t\t\t\t\t\t\t<div class=\"elementor-spacer\">\n\t\t\t<div class=\"elementor-spacer-inner\"><\/div>\n\t\t<\/div>\n\t\t\t\t\t\t<\/div>\n\t\t\t\t\t<\/div>\n\t\t\t\t<\/div>\n\t\t\t\t<\/div>\n\t\t","protected":false},"excerpt":{"rendered":"<p>About Turkey \u00a0 About Turkey Turkey is a unique country that bridges two continents\u2014Europe and Asia\u2014offering an extraordinary blend of cultures, landscapes, and histories. Known for its warm hospitality, rich traditions, and strategic location, Turkey has become a major destination for global travelers seeking diverse experiences in one unforgettable journey. Geographically, Turkey is bordered by [&hellip;]<\/p>\n","protected":false},"author":1,"featured_media":17093,"parent":0,"menu_order":0,"comment_status":"closed","ping_status":"closed","template":"elementor_header_footer","meta":{"footnotes":""},"class_list":["post-16391","page","type-page","status-publish","has-post-thumbnail","hentry"],"_links":{"self":[{"href":"https:\/\/iyiturkey.com\/ar\/wp-json\/wp\/v2\/pages\/16391","targetHints":{"allow":["GET"]}}],"collection":[{"href":"https:\/\/iyiturkey.com\/ar\/wp-json\/wp\/v2\/pages"}],"about":[{"href":"https:\/\/iyiturkey.com\/ar\/wp-json\/wp\/v2\/types\/page"}],"author":[{"embeddable":true,"href":"https:\/\/iyiturkey.com\/ar\/wp-json\/wp\/v2\/users\/1"}],"replies":[{"embeddable":true,"href":"https:\/\/iyiturkey.com\/ar\/wp-json\/wp\/v2\/comments?post=16391"}],"version-history":[{"count":51,"href":"https:\/\/iyiturkey.com\/ar\/wp-json\/wp\/v2\/pages\/16391\/revisions"}],"predecessor-version":[{"id":41604,"href":"https:\/\/iyiturkey.com\/ar\/wp-json\/wp\/v2\/pages\/16391\/revisions\/41604"}],"wp:featuredmedia":[{"embeddable":true,"href":"https:\/\/iyiturkey.com\/ar\/wp-json\/wp\/v2\/media\/17093"}],"wp:attachment":[{"href":"https:\/\/iyiturkey.com\/ar\/wp-json\/wp\/v2\/media?parent=16391"}],"curies":[{"name":"wp","href":"https:\/\/api.w.org\/{rel}","templated":true}]}}