{"id":18242,"date":"2023-09-23T10:58:50","date_gmt":"2023-09-23T07:58:50","guid":{"rendered":"http:\/\/iyiturkey.com\/?page_id=18242"},"modified":"2025-08-03T21:45:18","modified_gmt":"2025-08-03T18:45:18","slug":"airports","status":"publish","type":"page","link":"https:\/\/iyiturkey.com\/ar\/airports\/","title":{"rendered":"Airports"},"content":{"rendered":"\t\t<div data-elementor-type=\"wp-page\" data-elementor-id=\"18242\" class=\"elementor elementor-18242\" data-elementor-settings=\"{&quot;ha_cmc_init_switcher&quot;:&quot;no&quot;}\">\n\t\t\t\t<div class=\"elementor-element elementor-element-3a066aa7 e-flex e-con-boxed e-con e-parent\" data-id=\"3a066aa7\" data-element_type=\"container\" data-e-type=\"container\" data-settings=\"{&quot;_ha_eqh_enable&quot;:false}\">\n\t\t\t\t\t<div class=\"e-con-inner\">\n\t\t\t\t<div class=\"elementor-element elementor-element-1f6c1ecd ha-card--left ha-card--mobile-left ha-card--tablet-top exad-sticky-section-no exad-glass-effect-no ha-has-bg-overlay elementor-widget elementor-widget-ha-card happy-addon ha-card\" data-id=\"1f6c1ecd\" data-element_type=\"widget\" data-e-type=\"widget\" data-widget_type=\"ha-card.default\">\n\t\t\t\t<div class=\"elementor-widget-container\">\n\t\t\t\t\t\n\t\t\t\t\t<figure class=\"ha-card-figure\">\n\t\t\t\t<img decoding=\"async\" width=\"50\" height=\"53\" src=\"https:\/\/iyiturkey.com\/ar\/wp-content\/uploads\/2022\/12\/for-app-air.png\" class=\"attachment-thumbnail size-thumbnail wp-image-15782\" alt=\"\" \/>\t\t\t\t\t\t\t<\/figure>\n\t\t\n\t\t<div class=\"ha-card-body\">\n\n\t\t\t<h2 class=\"ha-card-title\">Airports<\/h2>\n\t\t\t\n\t\t\t\t\t<\/div>\n\t\t\t\t\t\t<\/div>\n\t\t\t\t<\/div>\n\t\t\t\t\t<\/div>\n\t\t\t\t<\/div>\n\t\t<div class=\"elementor-element elementor-element-fb2ea20 e-con-full e-flex e-con e-parent\" data-id=\"fb2ea20\" data-element_type=\"container\" data-e-type=\"container\" data-settings=\"{&quot;_ha_eqh_enable&quot;:false}\">\n\t\t\t\t<div class=\"elementor-element elementor-element-ac8e426 exad-sticky-section-no exad-glass-effect-no elementor-widget elementor-widget-case27-map-widget\" data-id=\"ac8e426\" data-element_type=\"widget\" data-e-type=\"widget\" data-widget_type=\"case27-map-widget.default\">\n\t\t\t\t<div class=\"elementor-widget-container\">\n\t\t\t\t\t\n\t<section class=\"contact-map\" id=\"section__6a01dc7467c10\">\n\t\t<div class=\"c27-map map\" data-options=\"{&quot;items_type&quot;:&quot;listings&quot;,&quot;zoom&quot;:20,&quot;skin&quot;:&quot;skin&quot;,&quot;marker_type&quot;:&quot;basic&quot;,&quot;locations&quot;:[{&quot;_id&quot;:&quot;ec33ec5&quot;,&quot;marker_lat&quot;:&quot;&quot;,&quot;marker_lng&quot;:&quot;&quot;,&quot;marker_image&quot;:{&quot;url&quot;:&quot;&quot;,&quot;id&quot;:&quot;&quot;,&quot;size&quot;:&quot;&quot;}}],&quot;listings_query&quot;:{&quot;lat&quot;:39.05367146249092,&quot;lng&quot;:35.382408552748586,&quot;radius&quot;:400,&quot;listing_type&quot;:&quot;airports&quot;,&quot;count&quot;:20},&quot;cluster_markers&quot;:&quot;&quot;,&quot;draggable&quot;:true,&quot;_section_id&quot;:&quot;section__6a01dc7467c10&quot;,&quot;maxZoom&quot;:20}\"><\/div>\n\t\t<div class=\"c27-map-listings hide\"><\/div>\n\t<\/section>\n\n\n\n\t\t\t\t<\/div>\n\t\t\t\t<\/div>\n\t\t\t\t<\/div>\n\t\t<div class=\"elementor-element elementor-element-39bce66f e-flex e-con-boxed e-con e-parent\" data-id=\"39bce66f\" data-element_type=\"container\" data-e-type=\"container\" data-settings=\"{&quot;_ha_eqh_enable&quot;:false}\">\n\t\t\t\t\t<div class=\"e-con-inner\">\n\t\t\t\t<div class=\"elementor-element elementor-element-2e643660 exad-sticky-section-no exad-glass-effect-no elementor-widget elementor-widget-ucaddon_post_accordion\" data-id=\"2e643660\" data-element_type=\"widget\" data-e-type=\"widget\" data-widget_type=\"ucaddon_post_accordion.default\">\n\t\t\t\t<div class=\"elementor-widget-container\">\n\t\t\t\t\t\n<!-- start Post Accordion -->\n\t\t<link id='font-awesome-css' href='https:\/\/iyiturkey.com\/ar\/wp-content\/plugins\/unlimited-elements-for-elementor\/assets_libraries\/font-awesome6\/fontawesome-all.min.css' type='text\/css' rel='stylesheet' >\n\t\t<link id='font-awesome-4-shim-css' href='https:\/\/iyiturkey.com\/ar\/wp-content\/plugins\/unlimited-elements-for-elementor\/assets_libraries\/font-awesome6\/fontawesome-v4-shims.min.css' type='text\/css' rel='stylesheet' >\n\n<style>\/* widget: Post Accordion *\/\n\n#uc_post_accordion_elementor_2e643660 *{\n  box-sizing: border-box;\n}\n\n#uc_post_accordion_elementor_2e643660 em\n{\n  font-style: normal;\n}\n\n#uc_post_accordion_elementor_2e643660 .uc_container .uc-heading\n{\n\tdisplay:flex;\n    align-items:center;\n\toverflow:hidden;\n\tcursor:pointer;\n  \n}\n#uc_post_accordion_elementor_2e643660 .uc_container .uc_content\n{\n    display:none;\n    text-align:left;\n}\n\n#uc_post_accordion_elementor_2e643660 .uc_container .uc-heading span.ue_accordion_icon\n{\n\tdisplay:flex;\n    align-items:center;\n   \tjustify-content:center;\n    flex-grow:0;\n    flex-shrink:0;\n}\n#uc_post_accordion_elementor_2e643660 .uc_ac_box.uc-item-active span.uc_dactive\n{\n\tdisplay:none;\n}\n#uc_post_accordion_elementor_2e643660 .uc_ac_box:not(.uc-item-active) span.uc_active\n{\n\tdisplay:none;\n}\n\n#uc_post_accordion_elementor_2e643660 .uc_container .uc_btn {\n\n    text-align: center;\n    display: inline-block;\n    text-decoration: none;\n    transition: ease-in-out all 0.25s;\n}\n\n#uc_post_accordion_elementor_2e643660 .ue_post_image\n{\n  display:block;\n}\n\n#uc_post_accordion_elementor_2e643660 .ue_post_image img\n{\n  display:block;\n  object-fit: cover;\n  width:100%;\n}\n\n<\/style>\n\n\n<div class=\"uc_material_accordion \" id=\"uc_post_accordion_elementor_2e643660\" data-name=\"\" data-scroll=\"off\" data-offset=\"0\"  >\n    \t<div class=\"uc_container uc-items-wrapper\">\n        \t\n\n<div class=\"uc_ac_box \">\n  <div class=\"uc-heading uc_trigger\">\n          <span class=\"fas fa-chevron-down uc_dactive bbb ue_accordion_icon\"><\/span> \n      <span class=\"fas fa-minus uc_active bbb ue_accordion_icon\"><\/span>\n        <em class=\"ue_heading_title\">Istanbul Airport <\/em>\n  <\/div>\n  <div class=\"uc_content\" >\n    <a href=\"https:\/\/iyiturkey.com\/ar\/listing\/istanbul-airport\/\" class=\"ue_post_image\"><img decoding=\"async\" src=\"https:\/\/iyiturkey.com\/ar\/wp-content\/uploads\/2024\/12\/IGA.jpeg\"><\/a>    <div class=\"ue_post_title\">Istanbul Airport<\/div>            <div class=\"ue_post_text\">\u2708\ufe0f Istanbul Airport: A Gateway to the World\n\n\ud83c\udf0d Overview\nIstanbul Airport (IST), located on the European...<\/div>         <a href=\"https:\/\/iyiturkey.com\/ar\/listing\/istanbul-airport\/\" class=\"uc_btn uc_more_btn\">Read More..<\/a>    \n    \n  <\/div> \n<\/div>\n\n\n<div class=\"uc_ac_box \">\n  <div class=\"uc-heading uc_trigger\">\n          <span class=\"fas fa-chevron-down uc_dactive bbb ue_accordion_icon\"><\/span> \n      <span class=\"fas fa-minus uc_active bbb ue_accordion_icon\"><\/span>\n        <em class=\"ue_heading_title\">Istanbul Sabiha Airport (SAW) <\/em>\n  <\/div>\n  <div class=\"uc_content\" >\n    <a href=\"https:\/\/iyiturkey.com\/ar\/listing\/istanbul-sabiha-airport-saw\/\" class=\"ue_post_image\"><img decoding=\"async\" src=\"https:\/\/iyiturkey.com\/ar\/wp-content\/uploads\/2024\/12\/sabiha-airport-3.jpg\"><\/a>    <div class=\"ue_post_title\">Istanbul Sabiha Airport (SAW)<\/div>            <div class=\"ue_post_text\">\u2708\ufe0f Sabiha G\u00f6k\u00e7en International Airport: Gateway to Istanbul and Beyond\nSabiha G\u00f6k\u00e7en International Airport,...<\/div>         <a href=\"https:\/\/iyiturkey.com\/ar\/listing\/istanbul-sabiha-airport-saw\/\" class=\"uc_btn uc_more_btn\">Read More..<\/a>    \n    \n  <\/div> \n<\/div>\n\n\n<div class=\"uc_ac_box \">\n  <div class=\"uc-heading uc_trigger\">\n          <span class=\"fas fa-chevron-down uc_dactive bbb ue_accordion_icon\"><\/span> \n      <span class=\"fas fa-minus uc_active bbb ue_accordion_icon\"><\/span>\n        <em class=\"ue_heading_title\">Ankara Airport <\/em>\n  <\/div>\n  <div class=\"uc_content\" >\n    <a href=\"https:\/\/iyiturkey.com\/ar\/listing\/ankara-airport\/\" class=\"ue_post_image\"><img decoding=\"async\" src=\"https:\/\/iyiturkey.com\/ar\/wp-content\/uploads\/2024\/12\/Ankara-Airport-1.jpg\"><\/a>    <div class=\"ue_post_title\">Ankara Airport<\/div>            <div class=\"ue_post_text\">Discovering Esenbo\u011fa Airport: The Gateway to Ankara and Beyond\nNestled in the heart of Turkey, Esenbo\u011fa...<\/div>         <a href=\"https:\/\/iyiturkey.com\/ar\/listing\/ankara-airport\/\" class=\"uc_btn uc_more_btn\">Read More..<\/a>    \n    \n  <\/div> \n<\/div>\n\n\n<div class=\"uc_ac_box \">\n  <div class=\"uc-heading uc_trigger\">\n          <span class=\"fas fa-chevron-down uc_dactive bbb ue_accordion_icon\"><\/span> \n      <span class=\"fas fa-minus uc_active bbb ue_accordion_icon\"><\/span>\n        <em class=\"ue_heading_title\">Adana Airport <\/em>\n  <\/div>\n  <div class=\"uc_content\" >\n    <a href=\"https:\/\/iyiturkey.com\/ar\/listing\/adana-airport\/\" class=\"ue_post_image\"><img decoding=\"async\" src=\"https:\/\/iyiturkey.com\/ar\/wp-content\/uploads\/2024\/12\/Adana-Airport-1.jpg\"><\/a>    <div class=\"ue_post_title\">Adana Airport<\/div>            <div class=\"ue_post_text\">Adana \u015eakirpa\u015fa Airport: Gateway to Southern Turkey\nAdana \u015eakirpa\u015fa Airport, nestled in the vibrant city...<\/div>         <a href=\"https:\/\/iyiturkey.com\/ar\/listing\/adana-airport\/\" class=\"uc_btn uc_more_btn\">Read More..<\/a>    \n    \n  <\/div> \n<\/div>\n\n\n<div class=\"uc_ac_box \">\n  <div class=\"uc-heading uc_trigger\">\n          <span class=\"fas fa-chevron-down uc_dactive bbb ue_accordion_icon\"><\/span> \n      <span class=\"fas fa-minus uc_active bbb ue_accordion_icon\"><\/span>\n        <em class=\"ue_heading_title\">Alanya Airport <\/em>\n  <\/div>\n  <div class=\"uc_content\" >\n    <a href=\"https:\/\/iyiturkey.com\/ar\/listing\/alanya-airport\/\" class=\"ue_post_image\"><img decoding=\"async\" src=\"https:\/\/iyiturkey.com\/ar\/wp-content\/uploads\/2025\/01\/Alanya-Airport-1.jpg\"><\/a>    <div class=\"ue_post_title\">Alanya Airport<\/div>            <div class=\"ue_post_text\">Alanya Airport: Gateway to the Turkish Riviera\nLocated in Sar\u0131a\u011fa\u00e7, Gazipa\u015fa\/Antalya, Alanya Airport\u2014officially...<\/div>         <a href=\"https:\/\/iyiturkey.com\/ar\/listing\/alanya-airport\/\" class=\"uc_btn uc_more_btn\">Read More..<\/a>    \n    \n  <\/div> \n<\/div>\n\n\n<div class=\"uc_ac_box \">\n  <div class=\"uc-heading uc_trigger\">\n          <span class=\"fas fa-chevron-down uc_dactive bbb ue_accordion_icon\"><\/span> \n      <span class=\"fas fa-minus uc_active bbb ue_accordion_icon\"><\/span>\n        <em class=\"ue_heading_title\">Antakya\/Hatay Airport <\/em>\n  <\/div>\n  <div class=\"uc_content\" >\n    <a href=\"https:\/\/iyiturkey.com\/ar\/listing\/antakya-hatay-airport\/\" class=\"ue_post_image\"><img decoding=\"async\" src=\"https:\/\/iyiturkey.com\/ar\/wp-content\/uploads\/2025\/01\/Antakya-Hatay-Airport-1.jpg\"><\/a>    <div class=\"ue_post_title\">Antakya\/Hatay Airport<\/div>            <div class=\"ue_post_text\">Antakya\/Hatay Airport: A Gateway to Turkey&#8217;s Rich Heritage\nNestled in the heart of Turkey&#8217;s...<\/div>         <a href=\"https:\/\/iyiturkey.com\/ar\/listing\/antakya-hatay-airport\/\" class=\"uc_btn uc_more_btn\">Read More..<\/a>    \n    \n  <\/div> \n<\/div>\n\n\n<div class=\"uc_ac_box \">\n  <div class=\"uc-heading uc_trigger\">\n          <span class=\"fas fa-chevron-down uc_dactive bbb ue_accordion_icon\"><\/span> \n      <span class=\"fas fa-minus uc_active bbb ue_accordion_icon\"><\/span>\n        <em class=\"ue_heading_title\">Bodrum Airport <\/em>\n  <\/div>\n  <div class=\"uc_content\" >\n    <a href=\"https:\/\/iyiturkey.com\/ar\/listing\/bodrum-airport\/\" class=\"ue_post_image\"><img decoding=\"async\" src=\"https:\/\/iyiturkey.com\/ar\/wp-content\/uploads\/2025\/01\/Bodrum-Airport-1.jpg\"><\/a>    <div class=\"ue_post_title\">Bodrum Airport<\/div>            <div class=\"ue_post_text\">Bodrum Airport: The Gateway to the Aegean Paradise\nNestled in the heart of Turkey\u2019s Aegean region, Bodrum...<\/div>         <a href=\"https:\/\/iyiturkey.com\/ar\/listing\/bodrum-airport\/\" class=\"uc_btn uc_more_btn\">Read More..<\/a>    \n    \n  <\/div> \n<\/div>\n\n\n<div class=\"uc_ac_box \">\n  <div class=\"uc-heading uc_trigger\">\n          <span class=\"fas fa-chevron-down uc_dactive bbb ue_accordion_icon\"><\/span> \n      <span class=\"fas fa-minus uc_active bbb ue_accordion_icon\"><\/span>\n        <em class=\"ue_heading_title\">Diyarbak\u0131r Airport <\/em>\n  <\/div>\n  <div class=\"uc_content\" >\n    <a href=\"https:\/\/iyiturkey.com\/ar\/listing\/diyarbakir-airport\/\" class=\"ue_post_image\"><img decoding=\"async\" src=\"https:\/\/iyiturkey.com\/ar\/wp-content\/uploads\/2025\/01\/Diyarbakir-Airport-1.jpg\"><\/a>    <div class=\"ue_post_title\">Diyarbak\u0131r Airport<\/div>            <div class=\"ue_post_text\">Diyarbak\u0131r Airport: Gateway to a Historic and Vibrant City\nDiyarbak\u0131r Airport, strategically located...<\/div>         <a href=\"https:\/\/iyiturkey.com\/ar\/listing\/diyarbakir-airport\/\" class=\"uc_btn uc_more_btn\">Read More..<\/a>    \n    \n  <\/div> \n<\/div>\n\n\n<div class=\"uc_ac_box \">\n  <div class=\"uc-heading uc_trigger\">\n          <span class=\"fas fa-chevron-down uc_dactive bbb ue_accordion_icon\"><\/span> \n      <span class=\"fas fa-minus uc_active bbb ue_accordion_icon\"><\/span>\n        <em class=\"ue_heading_title\">Gaziantep Airport <\/em>\n  <\/div>\n  <div class=\"uc_content\" >\n    <a href=\"https:\/\/iyiturkey.com\/ar\/listing\/gaziantep-airport\/\" class=\"ue_post_image\"><img decoding=\"async\" src=\"https:\/\/iyiturkey.com\/ar\/wp-content\/uploads\/2025\/01\/Gaziantep-Airport-1.jpg\"><\/a>    <div class=\"ue_post_title\">Gaziantep Airport<\/div>            <div class=\"ue_post_text\">Gaziantep Airport: The Gateway to the Culinary and Cultural Capital of Turkey\nGaziantep Airport (GZT),...<\/div>         <a href=\"https:\/\/iyiturkey.com\/ar\/listing\/gaziantep-airport\/\" class=\"uc_btn uc_more_btn\">Read More..<\/a>    \n    \n  <\/div> \n<\/div>\n\n\n<div class=\"uc_ac_box \">\n  <div class=\"uc-heading uc_trigger\">\n          <span class=\"fas fa-chevron-down uc_dactive bbb ue_accordion_icon\"><\/span> \n      <span class=\"fas fa-minus uc_active bbb ue_accordion_icon\"><\/span>\n        <em class=\"ue_heading_title\">\u0130zmir Airport <\/em>\n  <\/div>\n  <div class=\"uc_content\" >\n    <a href=\"https:\/\/iyiturkey.com\/ar\/listing\/izmir-airport\/\" class=\"ue_post_image\"><img decoding=\"async\" src=\"https:\/\/iyiturkey.com\/ar\/wp-content\/uploads\/2025\/01\/Izmir-Airport-1.jpg\"><\/a>    <div class=\"ue_post_title\">\u0130zmir Airport<\/div>            <div class=\"ue_post_text\">Discover \u0130zmir Adnan Menderes Airport: Gateway to the Aegean\nLocated in the vibrant district of Gaziemir...<\/div>         <a href=\"https:\/\/iyiturkey.com\/ar\/listing\/izmir-airport\/\" class=\"uc_btn uc_more_btn\">Read More..<\/a>    \n    \n  <\/div> \n<\/div>\n\n\n<div class=\"uc_ac_box \">\n  <div class=\"uc-heading uc_trigger\">\n          <span class=\"fas fa-chevron-down uc_dactive bbb ue_accordion_icon\"><\/span> \n      <span class=\"fas fa-minus uc_active bbb ue_accordion_icon\"><\/span>\n        <em class=\"ue_heading_title\">Kars Airport <\/em>\n  <\/div>\n  <div class=\"uc_content\" >\n    <a href=\"https:\/\/iyiturkey.com\/ar\/listing\/kars-airport\/\" class=\"ue_post_image\"><img decoding=\"async\" src=\"https:\/\/iyiturkey.com\/ar\/wp-content\/uploads\/2025\/01\/Kars-Airport-1.jpg\"><\/a>    <div class=\"ue_post_title\">Kars Airport<\/div>            <div class=\"ue_post_text\">Kars Airport: Your Gateway to Eastern Turkey\u2019s Hidden Gems\nNestled amidst the scenic beauty of Eastern...<\/div>         <a href=\"https:\/\/iyiturkey.com\/ar\/listing\/kars-airport\/\" class=\"uc_btn uc_more_btn\">Read More..<\/a>    \n    \n  <\/div> \n<\/div>\n\n\n<div class=\"uc_ac_box \">\n  <div class=\"uc-heading uc_trigger\">\n          <span class=\"fas fa-chevron-down uc_dactive bbb ue_accordion_icon\"><\/span> \n      <span class=\"fas fa-minus uc_active bbb ue_accordion_icon\"><\/span>\n        <em class=\"ue_heading_title\">Kayseri Airport <\/em>\n  <\/div>\n  <div class=\"uc_content\" >\n    <a href=\"https:\/\/iyiturkey.com\/ar\/listing\/kayseri-airport\/\" class=\"ue_post_image\"><img decoding=\"async\" src=\"https:\/\/iyiturkey.com\/ar\/wp-content\/uploads\/2025\/01\/Kayseri-Airport-1.jpg\"><\/a>    <div class=\"ue_post_title\">Kayseri Airport<\/div>            <div class=\"ue_post_text\">Kayseri Airport: Gateway to Cappadocia and Anatolian Wonders\nLocated in the heart of Anatolia, Kayseri...<\/div>         <a href=\"https:\/\/iyiturkey.com\/ar\/listing\/kayseri-airport\/\" class=\"uc_btn uc_more_btn\">Read More..<\/a>    \n    \n  <\/div> \n<\/div>\n\n\n<div class=\"uc_ac_box \">\n  <div class=\"uc-heading uc_trigger\">\n          <span class=\"fas fa-chevron-down uc_dactive bbb ue_accordion_icon\"><\/span> \n      <span class=\"fas fa-minus uc_active bbb ue_accordion_icon\"><\/span>\n        <em class=\"ue_heading_title\">Konya Airport <\/em>\n  <\/div>\n  <div class=\"uc_content\" >\n    <a href=\"https:\/\/iyiturkey.com\/ar\/listing\/konya-airport\/\" class=\"ue_post_image\"><img decoding=\"async\" src=\"https:\/\/iyiturkey.com\/ar\/wp-content\/uploads\/2025\/01\/Konya-Airport-1.jpg\"><\/a>    <div class=\"ue_post_title\">Konya Airport<\/div>            <div class=\"ue_post_text\">Discover Konya Airport: Your Gateway to the Heart of Turkey\nKonya, one of Turkey&#8217;s most culturally...<\/div>         <a href=\"https:\/\/iyiturkey.com\/ar\/listing\/konya-airport\/\" class=\"uc_btn uc_more_btn\">Read More..<\/a>    \n    \n  <\/div> \n<\/div>\n\n\n<div class=\"uc_ac_box \">\n  <div class=\"uc-heading uc_trigger\">\n          <span class=\"fas fa-chevron-down uc_dactive bbb ue_accordion_icon\"><\/span> \n      <span class=\"fas fa-minus uc_active bbb ue_accordion_icon\"><\/span>\n        <em class=\"ue_heading_title\">Malatya Airport <\/em>\n  <\/div>\n  <div class=\"uc_content\" >\n    <a href=\"https:\/\/iyiturkey.com\/ar\/listing\/malatya-airport\/\" class=\"ue_post_image\"><img decoding=\"async\" src=\"https:\/\/iyiturkey.com\/ar\/wp-content\/uploads\/2025\/01\/Malatya-Airport-1.jpg\"><\/a>    <div class=\"ue_post_title\">Malatya Airport<\/div>            <div class=\"ue_post_text\">Malatya Airport: A Gateway to Turkey&#8217;s Hidden Gem\nMalatya Airport (D.H.M.\u0130. Malatya Havaalan\u0131)...<\/div>         <a href=\"https:\/\/iyiturkey.com\/ar\/listing\/malatya-airport\/\" class=\"uc_btn uc_more_btn\">Read More..<\/a>    \n    \n  <\/div> \n<\/div>\n\n\n<div class=\"uc_ac_box \">\n  <div class=\"uc-heading uc_trigger\">\n          <span class=\"fas fa-chevron-down uc_dactive bbb ue_accordion_icon\"><\/span> \n      <span class=\"fas fa-minus uc_active bbb ue_accordion_icon\"><\/span>\n        <em class=\"ue_heading_title\">Samsun Airport <\/em>\n  <\/div>\n  <div class=\"uc_content\" >\n    <a href=\"https:\/\/iyiturkey.com\/ar\/listing\/samsun-airport\/\" class=\"ue_post_image\"><img decoding=\"async\" src=\"https:\/\/iyiturkey.com\/ar\/wp-content\/uploads\/2025\/01\/Samsun-Airport-1.jpg\"><\/a>    <div class=\"ue_post_title\">Samsun Airport<\/div>            <div class=\"ue_post_text\">Discovering Samsun Airport: Gateway to the Treasures of the Black Sea\nSamsun, a vibrant city nestled...<\/div>         <a href=\"https:\/\/iyiturkey.com\/ar\/listing\/samsun-airport\/\" class=\"uc_btn uc_more_btn\">Read More..<\/a>    \n    \n  <\/div> \n<\/div>\n\n\n<div class=\"uc_ac_box \">\n  <div class=\"uc-heading uc_trigger\">\n          <span class=\"fas fa-chevron-down uc_dactive bbb ue_accordion_icon\"><\/span> \n      <span class=\"fas fa-minus uc_active bbb ue_accordion_icon\"><\/span>\n        <em class=\"ue_heading_title\">Trabzon Airport <\/em>\n  <\/div>\n  <div class=\"uc_content\" >\n    <a href=\"https:\/\/iyiturkey.com\/ar\/listing\/trabzon-airport\/\" class=\"ue_post_image\"><img decoding=\"async\" src=\"https:\/\/iyiturkey.com\/ar\/wp-content\/uploads\/2025\/01\/Trabzon-Airport-1.jpg\"><\/a>    <div class=\"ue_post_title\">Trabzon Airport<\/div>            <div class=\"ue_post_text\">Trabzon Airport: A Gateway to the Beauty of the Black Sea Region\nLocated in the northeastern part of...<\/div>         <a href=\"https:\/\/iyiturkey.com\/ar\/listing\/trabzon-airport\/\" class=\"uc_btn uc_more_btn\">Read More..<\/a>    \n    \n  <\/div> \n<\/div>\n\n\n<div class=\"uc_ac_box \">\n  <div class=\"uc-heading uc_trigger\">\n          <span class=\"fas fa-chevron-down uc_dactive bbb ue_accordion_icon\"><\/span> \n      <span class=\"fas fa-minus uc_active bbb ue_accordion_icon\"><\/span>\n        <em class=\"ue_heading_title\">Van Airport <\/em>\n  <\/div>\n  <div class=\"uc_content\" >\n    <a href=\"https:\/\/iyiturkey.com\/ar\/listing\/van-airport\/\" class=\"ue_post_image\"><img decoding=\"async\" src=\"https:\/\/iyiturkey.com\/ar\/wp-content\/uploads\/2025\/01\/Van-Airport-1.jpg\"><\/a>    <div class=\"ue_post_title\">Van Airport<\/div>            <div class=\"ue_post_text\">Van Airport: The Gateway to Eastern Anatolia\nNestled in the picturesque region of Eastern Anatolia, Van...<\/div>         <a href=\"https:\/\/iyiturkey.com\/ar\/listing\/van-airport\/\" class=\"uc_btn uc_more_btn\">Read More..<\/a>    \n    \n  <\/div> \n<\/div>\n\n        <\/div>\n   \t<\/div>\n\n\n<!-- end Post Accordion -->\t\t\t\t<\/div>\n\t\t\t\t<\/div>\n\t\t\t\t\t<\/div>\n\t\t\t\t<\/div>\n\t\t<div class=\"elementor-element elementor-element-0fe104b e-con-full elementor-hidden-desktop elementor-hidden-tablet e-flex e-con e-parent\" data-id=\"0fe104b\" data-element_type=\"container\" data-e-type=\"container\" data-settings=\"{&quot;background_background&quot;:&quot;gradient&quot;,&quot;_ha_eqh_enable&quot;:false}\">\n\t\t\t\t<div class=\"elementor-element elementor-element-d344cce exad-sticky-section-no exad-glass-effect-no elementor-widget elementor-widget-ucaddon_post_accordion\" data-id=\"d344cce\" data-element_type=\"widget\" data-e-type=\"widget\" data-widget_type=\"ucaddon_post_accordion.default\">\n\t\t\t\t<div class=\"elementor-widget-container\">\n\t\t\t\t\t\n<!-- start Post Accordion -->\n\n<style>\/* widget: Post Accordion *\/\n\n#uc_post_accordion_elementor_d344cce *{\n  box-sizing: border-box;\n}\n\n#uc_post_accordion_elementor_d344cce em\n{\n  font-style: normal;\n}\n\n#uc_post_accordion_elementor_d344cce .uc_container .uc-heading\n{\n\tdisplay:flex;\n    align-items:center;\n\toverflow:hidden;\n\tcursor:pointer;\n  \n}\n#uc_post_accordion_elementor_d344cce .uc_container .uc_content\n{\n    display:none;\n    text-align:left;\n}\n\n#uc_post_accordion_elementor_d344cce .uc_container .uc-heading span.ue_accordion_icon\n{\n\tdisplay:flex;\n    align-items:center;\n   \tjustify-content:center;\n    flex-grow:0;\n    flex-shrink:0;\n}\n#uc_post_accordion_elementor_d344cce .uc_ac_box.uc-item-active span.uc_dactive\n{\n\tdisplay:none;\n}\n#uc_post_accordion_elementor_d344cce .uc_ac_box:not(.uc-item-active) span.uc_active\n{\n\tdisplay:none;\n}\n\n#uc_post_accordion_elementor_d344cce .uc_container .uc_btn {\n\n    text-align: center;\n    display: inline-block;\n    text-decoration: none;\n    transition: ease-in-out all 0.25s;\n}\n\n#uc_post_accordion_elementor_d344cce .ue_post_image\n{\n  display:block;\n}\n\n#uc_post_accordion_elementor_d344cce .ue_post_image img\n{\n  display:block;\n  object-fit: cover;\n  width:100%;\n}\n\n<\/style>\n\n\n<div class=\"uc_material_accordion \" id=\"uc_post_accordion_elementor_d344cce\" data-name=\"\" data-scroll=\"off\" data-offset=\"0\"  >\n    \t<div class=\"uc_container uc-items-wrapper\">\n        \t\n\n<div class=\"uc_ac_box \">\n  <div class=\"uc-heading uc_trigger\">\n          <span class=\"huge huge-tick-01 uc_dactive bbb ue_accordion_icon\"><\/span> \n      <span class=\"fas fa-minus uc_active bbb ue_accordion_icon\"><\/span>\n        <em class=\"ue_heading_title\">What Are the Istanbul Airport Codes? <\/em>\n  <\/div>\n  <div class=\"uc_content\" >\n    <a href=\"https:\/\/iyiturkey.com\/ar\/istanbul-airport-codes\/\" class=\"ue_post_image\"><img decoding=\"async\" src=\"https:\/\/iyiturkey.com\/ar\/wp-content\/uploads\/2025\/08\/ist-airport.jpg\"><\/a>    <div class=\"ue_post_title\">What Are the Istanbul Airport Codes?<\/div>            <div class=\"ue_post_text\">\u2708\ufe0f What Are the Istanbul Airport Codes? A Complete Travel Guide for Visitors\nPlanning a trip to Istanbul...<\/div>         <a href=\"https:\/\/iyiturkey.com\/ar\/istanbul-airport-codes\/\" class=\"uc_btn uc_more_btn\">Read More..<\/a>    \n    \n  <\/div> \n<\/div>\n\n\n<div class=\"uc_ac_box \">\n  <div class=\"uc-heading uc_trigger\">\n          <span class=\"huge huge-tick-01 uc_dactive bbb ue_accordion_icon\"><\/span> \n      <span class=\"fas fa-minus uc_active bbb ue_accordion_icon\"><\/span>\n        <em class=\"ue_heading_title\">What Is the Code for Sabiha Airport? <\/em>\n  <\/div>\n  <div class=\"uc_content\" >\n    <a href=\"https:\/\/iyiturkey.com\/ar\/what-is-the-code-for-sabiha-airport\/\" class=\"ue_post_image\"><img decoding=\"async\" src=\"https:\/\/iyiturkey.com\/ar\/wp-content\/uploads\/2024\/12\/sabiha-airport-3.jpg\"><\/a>    <div class=\"ue_post_title\">What Is the Code for Sabiha Airport?<\/div>            <div class=\"ue_post_text\">\u2708\ufe0f What Is the Code for Sabiha Airport? A Traveler\u2019s Guide to Istanbul&#8217;s Asian-Side Hub\nAre you...<\/div>         <a href=\"https:\/\/iyiturkey.com\/ar\/what-is-the-code-for-sabiha-airport\/\" class=\"uc_btn uc_more_btn\">Read More..<\/a>    \n    \n  <\/div> \n<\/div>\n\n        <\/div>\n   \t<\/div>\n\n\n<!-- end Post Accordion -->\t\t\t\t<\/div>\n\t\t\t\t<\/div>\n\t\t\t\t<\/div>\n\t\t\t\t<\/div>\n\t\t","protected":false},"excerpt":{"rendered":"<p>Airports Istanbul Airport Istanbul Airport Istanbul Airport: A Gateway to the World Istanbul Airport, located on the European side of Turkey\u2019s largest&#8230; Read More.. Istanbul Sabiha Airport (SAW) Istanbul Sabiha Airport (SAW) Sabiha G\u00f6k\u00e7en International Airport: Gateway to Istanbul and Beyond Sabiha G\u00f6k\u00e7en International Airport&#8230; Read More.. Ankara Airport Ankara Airport Discovering Esenbo\u011fa Airport: The [&hellip;]<\/p>\n","protected":false},"author":1,"featured_media":37419,"parent":0,"menu_order":0,"comment_status":"closed","ping_status":"closed","template":"elementor_header_footer","meta":{"footnotes":""},"class_list":["post-18242","page","type-page","status-publish","has-post-thumbnail","hentry"],"_links":{"self":[{"href":"https:\/\/iyiturkey.com\/ar\/wp-json\/wp\/v2\/pages\/18242","targetHints":{"allow":["GET"]}}],"collection":[{"href":"https:\/\/iyiturkey.com\/ar\/wp-json\/wp\/v2\/pages"}],"about":[{"href":"https:\/\/iyiturkey.com\/ar\/wp-json\/wp\/v2\/types\/page"}],"author":[{"embeddable":true,"href":"https:\/\/iyiturkey.com\/ar\/wp-json\/wp\/v2\/users\/1"}],"replies":[{"embeddable":true,"href":"https:\/\/iyiturkey.com\/ar\/wp-json\/wp\/v2\/comments?post=18242"}],"version-history":[{"count":36,"href":"https:\/\/iyiturkey.com\/ar\/wp-json\/wp\/v2\/pages\/18242\/revisions"}],"predecessor-version":[{"id":37427,"href":"https:\/\/iyiturkey.com\/ar\/wp-json\/wp\/v2\/pages\/18242\/revisions\/37427"}],"wp:featuredmedia":[{"embeddable":true,"href":"https:\/\/iyiturkey.com\/ar\/wp-json\/wp\/v2\/media\/37419"}],"wp:attachment":[{"href":"https:\/\/iyiturkey.com\/ar\/wp-json\/wp\/v2\/media?parent=18242"}],"curies":[{"name":"wp","href":"https:\/\/api.w.org\/{rel}","templated":true}]}}